{"id":2213,"date":"2023-08-19T17:25:20","date_gmt":"2023-08-19T17:25:20","guid":{"rendered":"https:\/\/festivaldecinemadearapiraca.com\/home\/?page_id=2213"},"modified":"2024-07-22T17:01:21","modified_gmt":"2024-07-22T17:01:21","slug":"oficinas","status":"publish","type":"page","link":"https:\/\/festivaldecinemadearapiraca.com\/home\/oficinas\/","title":{"rendered":"Oficinas"},"content":{"rendered":"\t\t<div data-elementor-type=\"wp-page\" data-elementor-id=\"2213\" class=\"elementor elementor-2213\" data-elementor-post-type=\"page\">\n\t\t\t\t\t\t<section class=\"elementor-section elementor-top-section elementor-element elementor-element-641e947 elementor-section-boxed elementor-section-height-default elementor-section-height-default\" data-id=\"641e947\" data-element_type=\"section\">\n\t\t\t\t\t\t<div class=\"elementor-container elementor-column-gap-default\">\n\t\t\t\t\t<div class=\"elementor-column elementor-col-100 elementor-top-column elementor-element elementor-element-54715ad\" data-id=\"54715ad\" data-element_type=\"column\">\n\t\t\t<div class=\"elementor-widget-wrap elementor-element-populated\">\n\t\t\t\t\t\t<div class=\"elementor-element elementor-element-50641b3 elementor-widget elementor-widget-spacer\" data-id=\"50641b3\" data-element_type=\"widget\" data-widget_type=\"spacer.default\">\n\t\t\t\t<div class=\"elementor-widget-container\">\n\t\t\t\t\t\t\t<div class=\"elementor-spacer\">\n\t\t\t<div class=\"elementor-spacer-inner\"><\/div>\n\t\t<\/div>\n\t\t\t\t\t\t<\/div>\n\t\t\t\t<\/div>\n\t\t\t\t<div class=\"elementor-element elementor-element-bcdc4ba elementor-widget elementor-widget-heading\" data-id=\"bcdc4ba\" data-element_type=\"widget\" id=\"regulamento\" data-widget_type=\"heading.default\">\n\t\t\t\t<div class=\"elementor-widget-container\">\n\t\t\t\t\t<h2 class=\"elementor-heading-title elementor-size-default\">OFICINAS<\/h2>\t\t\t\t<\/div>\n\t\t\t\t<\/div>\n\t\t\t\t<div class=\"elementor-element elementor-element-28dc358 elementor-widget elementor-widget-spacer\" data-id=\"28dc358\" data-element_type=\"widget\" data-widget_type=\"spacer.default\">\n\t\t\t\t<div class=\"elementor-widget-container\">\n\t\t\t\t\t\t\t<div class=\"elementor-spacer\">\n\t\t\t<div class=\"elementor-spacer-inner\"><\/div>\n\t\t<\/div>\n\t\t\t\t\t\t<\/div>\n\t\t\t\t<\/div>\n\t\t\t\t\t<\/div>\n\t\t<\/div>\n\t\t\t\t\t<\/div>\n\t\t<\/section>\n\t\t\t\t<section class=\"elementor-section elementor-top-section elementor-element elementor-element-87ddf5b elementor-section-boxed elementor-section-height-default elementor-section-height-default\" data-id=\"87ddf5b\" data-element_type=\"section\">\n\t\t\t\t\t\t<div class=\"elementor-container elementor-column-gap-default\">\n\t\t\t\t\t<div class=\"elementor-column elementor-col-50 elementor-top-column elementor-element elementor-element-a25ceaa\" data-id=\"a25ceaa\" data-element_type=\"column\">\n\t\t\t<div class=\"elementor-widget-wrap elementor-element-populated\">\n\t\t\t\t\t\t<div class=\"elementor-element elementor-element-4f40ab6 elementor-widget elementor-widget-image\" data-id=\"4f40ab6\" data-element_type=\"widget\" data-widget_type=\"image.default\">\n\t\t\t\t<div class=\"elementor-widget-container\">\n\t\t\t\t\t\t\t\t\t\t\t\t\t\t\t\t<a href=\"https:\/\/doity.com.br\/iii-festival-de-cinema-de-arapiraca-programacaoparalela-oficinas-mesas-masterclass\">\n\t\t\t\t\t\t\t<img fetchpriority=\"high\" decoding=\"async\" width=\"800\" height=\"800\" src=\"https:\/\/festivaldecinemadearapiraca.com\/wp-content\/uploads\/2024\/07\/IMG-20240722-WA0021-1024x1024.jpg\" class=\"attachment-large size-large wp-image-2911\" alt=\"\" srcset=\"https:\/\/festivaldecinemadearapiraca.com\/wp-content\/uploads\/2024\/07\/IMG-20240722-WA0021-1024x1024.jpg 1024w, https:\/\/festivaldecinemadearapiraca.com\/wp-content\/uploads\/2024\/07\/IMG-20240722-WA0021-300x300.jpg 300w, https:\/\/festivaldecinemadearapiraca.com\/wp-content\/uploads\/2024\/07\/IMG-20240722-WA0021-150x150.jpg 150w, https:\/\/festivaldecinemadearapiraca.com\/wp-content\/uploads\/2024\/07\/IMG-20240722-WA0021-768x768.jpg 768w, https:\/\/festivaldecinemadearapiraca.com\/wp-content\/uploads\/2024\/07\/IMG-20240722-WA0021-1536x1536.jpg 1536w, https:\/\/festivaldecinemadearapiraca.com\/wp-content\/uploads\/2024\/07\/IMG-20240722-WA0021.jpg 1600w\" sizes=\"(max-width: 800px) 100vw, 800px\" \/>\t\t\t\t\t\t\t\t<\/a>\n\t\t\t\t\t\t\t\t\t\t\t\t\t\t\t<\/div>\n\t\t\t\t<\/div>\n\t\t\t\t\t<\/div>\n\t\t<\/div>\n\t\t\t\t<div class=\"elementor-column elementor-col-50 elementor-top-column elementor-element elementor-element-5cf5b9d\" data-id=\"5cf5b9d\" data-element_type=\"column\">\n\t\t\t<div class=\"elementor-widget-wrap elementor-element-populated\">\n\t\t\t\t\t\t<div class=\"elementor-element elementor-element-2d3f77f elementor-widget elementor-widget-heading\" data-id=\"2d3f77f\" data-element_type=\"widget\" data-widget_type=\"heading.default\">\n\t\t\t\t<div class=\"elementor-widget-container\">\n\t\t\t\t\t<h2 class=\"elementor-heading-title elementor-size-default\">ASSIST\u00caNCIA DE DIRE\u00c7\u00c3O PARA CINEMA<\/h2>\t\t\t\t<\/div>\n\t\t\t\t<\/div>\n\t\t\t\t<div class=\"elementor-element elementor-element-77f31d1 elementor-widget elementor-widget-text-editor\" data-id=\"77f31d1\" data-element_type=\"widget\" data-widget_type=\"text-editor.default\">\n\t\t\t\t<div class=\"elementor-widget-container\">\n\t\t\t\t\t\t\t\t\t<p><b>Descri\u00e7\u00e3o: <\/b><b><\/b>\u00a0Capacitar os participantes com conhecimentos te\u00f3ricos e pr\u00e1ticos necess\u00e1rios para atuar como assistentes de dire\u00e7\u00e3o em produ\u00e7\u00f5es cinematogr\u00e1ficas, desde o planejamento at\u00e9 a execu\u00e7\u00e3o no set de filmagem.<\/p><p><b>P\u00fablico-alvo:<\/b> estudantes e profissionais de cinema.<br \/><b>Per\u00edodo<\/b>: 21, 22 e 23\/08<br \/><b>Oficineira<\/b>: Michelline Helena<br \/><b>Hor\u00e1rio:<\/b> 14h \u00e0s 17h<\/p>\t\t\t\t\t\t\t\t<\/div>\n\t\t\t\t<\/div>\n\t\t\t\t<div class=\"elementor-element elementor-element-1d7625d elementor-align-center elementor-widget elementor-widget-button\" data-id=\"1d7625d\" data-element_type=\"widget\" data-widget_type=\"button.default\">\n\t\t\t\t<div class=\"elementor-widget-container\">\n\t\t\t\t\t\t\t\t\t<div class=\"elementor-button-wrapper\">\n\t\t\t\t\t<a class=\"elementor-button elementor-button-link elementor-size-sm\" href=\"https:\/\/doity.com.br\/iii-festival-de-cinema-de-arapiraca-programacaoparalela-oficinas-mesas-masterclass\">\n\t\t\t\t\t\t<span class=\"elementor-button-content-wrapper\">\n\t\t\t\t\t\t\t\t\t<span class=\"elementor-button-text\">Inscreva-se<\/span>\n\t\t\t\t\t<\/span>\n\t\t\t\t\t<\/a>\n\t\t\t\t<\/div>\n\t\t\t\t\t\t\t\t<\/div>\n\t\t\t\t<\/div>\n\t\t\t\t\t<\/div>\n\t\t<\/div>\n\t\t\t\t\t<\/div>\n\t\t<\/section>\n\t\t\t\t<section class=\"elementor-section elementor-top-section elementor-element elementor-element-9e8fdba elementor-section-boxed elementor-section-height-default elementor-section-height-default\" data-id=\"9e8fdba\" data-element_type=\"section\">\n\t\t\t\t\t\t<div class=\"elementor-container elementor-column-gap-default\">\n\t\t\t\t\t<div class=\"elementor-column elementor-col-50 elementor-top-column elementor-element elementor-element-a63eb1b\" data-id=\"a63eb1b\" data-element_type=\"column\">\n\t\t\t<div class=\"elementor-widget-wrap elementor-element-populated\">\n\t\t\t\t\t\t<div class=\"elementor-element elementor-element-e3e7e97 elementor-widget elementor-widget-image\" data-id=\"e3e7e97\" data-element_type=\"widget\" data-widget_type=\"image.default\">\n\t\t\t\t<div class=\"elementor-widget-container\">\n\t\t\t\t\t\t\t\t\t\t\t\t\t\t\t\t<a href=\"https:\/\/doity.com.br\/iii-festival-de-cinema-de-arapiraca-programacaoparalela-oficinas-mesas-masterclass\">\n\t\t\t\t\t\t\t<img decoding=\"async\" width=\"800\" height=\"800\" data-src=\"https:\/\/festivaldecinemadearapiraca.com\/wp-content\/uploads\/2024\/07\/IMG-20240722-WA0022-1024x1024.jpg\" class=\"attachment-large size-large wp-image-2912 lazyload\" alt=\"\" data-srcset=\"https:\/\/festivaldecinemadearapiraca.com\/wp-content\/uploads\/2024\/07\/IMG-20240722-WA0022-1024x1024.jpg 1024w, https:\/\/festivaldecinemadearapiraca.com\/wp-content\/uploads\/2024\/07\/IMG-20240722-WA0022-300x300.jpg 300w, https:\/\/festivaldecinemadearapiraca.com\/wp-content\/uploads\/2024\/07\/IMG-20240722-WA0022-150x150.jpg 150w, https:\/\/festivaldecinemadearapiraca.com\/wp-content\/uploads\/2024\/07\/IMG-20240722-WA0022-768x768.jpg 768w, https:\/\/festivaldecinemadearapiraca.com\/wp-content\/uploads\/2024\/07\/IMG-20240722-WA0022-1536x1536.jpg 1536w, https:\/\/festivaldecinemadearapiraca.com\/wp-content\/uploads\/2024\/07\/IMG-20240722-WA0022.jpg 1600w\" data-sizes=\"(max-width: 800px) 100vw, 800px\" src=\"data:image\/gif;base64,R0lGODlhAQABAAAAACH5BAEKAAEALAAAAAABAAEAAAICTAEAOw==\" style=\"--smush-placeholder-width: 800px; --smush-placeholder-aspect-ratio: 800\/800;\" \/>\t\t\t\t\t\t\t\t<\/a>\n\t\t\t\t\t\t\t\t\t\t\t\t\t\t\t<\/div>\n\t\t\t\t<\/div>\n\t\t\t\t\t<\/div>\n\t\t<\/div>\n\t\t\t\t<div class=\"elementor-column elementor-col-50 elementor-top-column elementor-element elementor-element-18d8a11\" data-id=\"18d8a11\" data-element_type=\"column\">\n\t\t\t<div class=\"elementor-widget-wrap elementor-element-populated\">\n\t\t\t\t\t\t<div class=\"elementor-element elementor-element-f3f7ac7 elementor-widget elementor-widget-heading\" data-id=\"f3f7ac7\" data-element_type=\"widget\" data-widget_type=\"heading.default\">\n\t\t\t\t<div class=\"elementor-widget-container\">\n\t\t\t\t\t<h2 class=\"elementor-heading-title elementor-size-default\">CR\u00cdTICA CINEMATOGR\u00c1FICA<\/h2>\t\t\t\t<\/div>\n\t\t\t\t<\/div>\n\t\t\t\t<div class=\"elementor-element elementor-element-424fac3 elementor-widget elementor-widget-text-editor\" data-id=\"424fac3\" data-element_type=\"widget\" data-widget_type=\"text-editor.default\">\n\t\t\t\t<div class=\"elementor-widget-container\">\n\t\t\t\t\t\t\t\t\t<p><b>Descri\u00e7\u00e3o:\u00a0 <\/b>Capacitar os participantes com conhecimentos te\u00f3ricos e pr\u00e1ticos necess\u00e1rios para atuar como assistentes de dire\u00e7\u00e3o em produ\u00e7\u00f5es cinematogr\u00e1ficas, desde o planejamento at\u00e9 a execu\u00e7\u00e3o no set de filmagem.<\/p><p><b>P\u00fablico-alvo:<\/b> estudantes, cin\u00e9filos e p\u00fablico em geral.<br \/><b>Per\u00edodo<\/b>: 21, 22, 23, 24 e 25\/08<br \/><b>Oficineira<\/b>: Bruno Tavares<br \/><b>Hor\u00e1rio:<\/b> 14h \u00e0s 17h<\/p>\t\t\t\t\t\t\t\t<\/div>\n\t\t\t\t<\/div>\n\t\t\t\t<div class=\"elementor-element elementor-element-8153ecf elementor-align-center elementor-widget elementor-widget-button\" data-id=\"8153ecf\" data-element_type=\"widget\" data-widget_type=\"button.default\">\n\t\t\t\t<div class=\"elementor-widget-container\">\n\t\t\t\t\t\t\t\t\t<div class=\"elementor-button-wrapper\">\n\t\t\t\t\t<a class=\"elementor-button elementor-button-link elementor-size-sm\" href=\"https:\/\/doity.com.br\/iii-festival-de-cinema-de-arapiraca-programacaoparalela-oficinas-mesas-masterclass\">\n\t\t\t\t\t\t<span class=\"elementor-button-content-wrapper\">\n\t\t\t\t\t\t\t\t\t<span class=\"elementor-button-text\">Inscreva-se<\/span>\n\t\t\t\t\t<\/span>\n\t\t\t\t\t<\/a>\n\t\t\t\t<\/div>\n\t\t\t\t\t\t\t\t<\/div>\n\t\t\t\t<\/div>\n\t\t\t\t\t<\/div>\n\t\t<\/div>\n\t\t\t\t\t<\/div>\n\t\t<\/section>\n\t\t\t\t<section class=\"elementor-section elementor-top-section elementor-element elementor-element-67cb7f2 elementor-section-boxed elementor-section-height-default elementor-section-height-default\" data-id=\"67cb7f2\" data-element_type=\"section\">\n\t\t\t\t\t\t<div class=\"elementor-container elementor-column-gap-default\">\n\t\t\t\t\t<div class=\"elementor-column elementor-col-50 elementor-top-column elementor-element elementor-element-a77db7c\" data-id=\"a77db7c\" data-element_type=\"column\">\n\t\t\t<div class=\"elementor-widget-wrap elementor-element-populated\">\n\t\t\t\t\t\t<div class=\"elementor-element elementor-element-ad4409c elementor-widget elementor-widget-image\" data-id=\"ad4409c\" data-element_type=\"widget\" data-widget_type=\"image.default\">\n\t\t\t\t<div class=\"elementor-widget-container\">\n\t\t\t\t\t\t\t\t\t\t\t\t\t\t\t\t<a href=\"https:\/\/doity.com.br\/iii-festival-de-cinema-de-arapiraca-programacaoparalela-oficinas-mesas-masterclass\">\n\t\t\t\t\t\t\t<img decoding=\"async\" width=\"800\" height=\"800\" data-src=\"https:\/\/festivaldecinemadearapiraca.com\/wp-content\/uploads\/2024\/07\/IMG-20240722-WA0023-1024x1024.jpg\" class=\"attachment-large size-large wp-image-2922 lazyload\" alt=\"\" data-srcset=\"https:\/\/festivaldecinemadearapiraca.com\/wp-content\/uploads\/2024\/07\/IMG-20240722-WA0023-1024x1024.jpg 1024w, https:\/\/festivaldecinemadearapiraca.com\/wp-content\/uploads\/2024\/07\/IMG-20240722-WA0023-300x300.jpg 300w, https:\/\/festivaldecinemadearapiraca.com\/wp-content\/uploads\/2024\/07\/IMG-20240722-WA0023-150x150.jpg 150w, https:\/\/festivaldecinemadearapiraca.com\/wp-content\/uploads\/2024\/07\/IMG-20240722-WA0023-768x768.jpg 768w, https:\/\/festivaldecinemadearapiraca.com\/wp-content\/uploads\/2024\/07\/IMG-20240722-WA0023-1536x1536.jpg 1536w, https:\/\/festivaldecinemadearapiraca.com\/wp-content\/uploads\/2024\/07\/IMG-20240722-WA0023.jpg 1600w\" data-sizes=\"(max-width: 800px) 100vw, 800px\" src=\"data:image\/gif;base64,R0lGODlhAQABAAAAACH5BAEKAAEALAAAAAABAAEAAAICTAEAOw==\" style=\"--smush-placeholder-width: 800px; --smush-placeholder-aspect-ratio: 800\/800;\" \/>\t\t\t\t\t\t\t\t<\/a>\n\t\t\t\t\t\t\t\t\t\t\t\t\t\t\t<\/div>\n\t\t\t\t<\/div>\n\t\t\t\t\t<\/div>\n\t\t<\/div>\n\t\t\t\t<div class=\"elementor-column elementor-col-50 elementor-top-column elementor-element elementor-element-a7c61df\" data-id=\"a7c61df\" data-element_type=\"column\">\n\t\t\t<div class=\"elementor-widget-wrap elementor-element-populated\">\n\t\t\t\t\t\t<div class=\"elementor-element elementor-element-9b4aa71 elementor-widget elementor-widget-heading\" data-id=\"9b4aa71\" data-element_type=\"widget\" data-widget_type=\"heading.default\">\n\t\t\t\t<div class=\"elementor-widget-container\">\n\t\t\t\t\t<h2 class=\"elementor-heading-title elementor-size-default\">FUNDAMENTOS GERAIS DA CARACTERIZA\u00c7\u00c3O PARA CINEMA<\/h2>\t\t\t\t<\/div>\n\t\t\t\t<\/div>\n\t\t\t\t<div class=\"elementor-element elementor-element-f53645f elementor-widget elementor-widget-text-editor\" data-id=\"f53645f\" data-element_type=\"widget\" data-widget_type=\"text-editor.default\">\n\t\t\t\t<div class=\"elementor-widget-container\">\n\t\t\t\t\t\t\t\t\t<p><b>Descri\u00e7\u00e3o: <\/b>b\u00e1sicos da maquiagem para cinema, os bastidores de um set de grava\u00e7\u00e3o e o processo de cria\u00e7\u00e3o de personagem a partir da caracteriza\u00e7\u00e3o. <\/p><p><b>P\u00fablico-alvo:<\/b> estudantes, maquiadores e profissionais do cinema.<br \/><b>Per\u00edodo<\/b>: 22 e 23\/08<br \/><b>Oficineira<\/b>: Andrea Afonso<br \/><b>Hor\u00e1rio:<\/b> 14h \u00e0s 17h<\/p>\t\t\t\t\t\t\t\t<\/div>\n\t\t\t\t<\/div>\n\t\t\t\t<div class=\"elementor-element elementor-element-67fcdf2 elementor-align-center elementor-widget elementor-widget-button\" data-id=\"67fcdf2\" data-element_type=\"widget\" data-widget_type=\"button.default\">\n\t\t\t\t<div class=\"elementor-widget-container\">\n\t\t\t\t\t\t\t\t\t<div class=\"elementor-button-wrapper\">\n\t\t\t\t\t<a class=\"elementor-button elementor-button-link elementor-size-sm\" href=\"https:\/\/doity.com.br\/iii-festival-de-cinema-de-arapiraca-programacaoparalela-oficinas-mesas-masterclass\">\n\t\t\t\t\t\t<span class=\"elementor-button-content-wrapper\">\n\t\t\t\t\t\t\t\t\t<span class=\"elementor-button-text\">Inscreva-se<\/span>\n\t\t\t\t\t<\/span>\n\t\t\t\t\t<\/a>\n\t\t\t\t<\/div>\n\t\t\t\t\t\t\t\t<\/div>\n\t\t\t\t<\/div>\n\t\t\t\t\t<\/div>\n\t\t<\/div>\n\t\t\t\t\t<\/div>\n\t\t<\/section>\n\t\t\t\t<section class=\"elementor-section elementor-top-section elementor-element elementor-element-a3a2278 elementor-section-boxed elementor-section-height-default elementor-section-height-default\" data-id=\"a3a2278\" data-element_type=\"section\">\n\t\t\t\t\t\t<div class=\"elementor-container elementor-column-gap-default\">\n\t\t\t\t\t<div class=\"elementor-column elementor-col-50 elementor-top-column elementor-element elementor-element-e26619d\" data-id=\"e26619d\" data-element_type=\"column\">\n\t\t\t<div class=\"elementor-widget-wrap elementor-element-populated\">\n\t\t\t\t\t\t<div class=\"elementor-element elementor-element-fee8945 elementor-widget elementor-widget-image\" data-id=\"fee8945\" data-element_type=\"widget\" data-widget_type=\"image.default\">\n\t\t\t\t<div class=\"elementor-widget-container\">\n\t\t\t\t\t\t\t\t\t\t\t\t\t\t\t\t<a href=\"https:\/\/doity.com.br\/iii-festival-de-cinema-de-arapiraca-programacaoparalela-oficinas-mesas-masterclass\">\n\t\t\t\t\t\t\t<img decoding=\"async\" width=\"800\" height=\"800\" data-src=\"https:\/\/festivaldecinemadearapiraca.com\/wp-content\/uploads\/2024\/07\/IMG-20240722-WA0019-1024x1024.jpg\" class=\"attachment-large size-large wp-image-2929 lazyload\" alt=\"\" data-srcset=\"https:\/\/festivaldecinemadearapiraca.com\/wp-content\/uploads\/2024\/07\/IMG-20240722-WA0019-1024x1024.jpg 1024w, https:\/\/festivaldecinemadearapiraca.com\/wp-content\/uploads\/2024\/07\/IMG-20240722-WA0019-300x300.jpg 300w, https:\/\/festivaldecinemadearapiraca.com\/wp-content\/uploads\/2024\/07\/IMG-20240722-WA0019-150x150.jpg 150w, https:\/\/festivaldecinemadearapiraca.com\/wp-content\/uploads\/2024\/07\/IMG-20240722-WA0019-768x768.jpg 768w, https:\/\/festivaldecinemadearapiraca.com\/wp-content\/uploads\/2024\/07\/IMG-20240722-WA0019-1536x1536.jpg 1536w, https:\/\/festivaldecinemadearapiraca.com\/wp-content\/uploads\/2024\/07\/IMG-20240722-WA0019.jpg 1600w\" data-sizes=\"(max-width: 800px) 100vw, 800px\" src=\"data:image\/gif;base64,R0lGODlhAQABAAAAACH5BAEKAAEALAAAAAABAAEAAAICTAEAOw==\" style=\"--smush-placeholder-width: 800px; --smush-placeholder-aspect-ratio: 800\/800;\" \/>\t\t\t\t\t\t\t\t<\/a>\n\t\t\t\t\t\t\t\t\t\t\t\t\t\t\t<\/div>\n\t\t\t\t<\/div>\n\t\t\t\t\t<\/div>\n\t\t<\/div>\n\t\t\t\t<div class=\"elementor-column elementor-col-50 elementor-top-column elementor-element elementor-element-32624a5\" data-id=\"32624a5\" data-element_type=\"column\">\n\t\t\t<div class=\"elementor-widget-wrap elementor-element-populated\">\n\t\t\t\t\t\t<div class=\"elementor-element elementor-element-60e3629 elementor-widget elementor-widget-heading\" data-id=\"60e3629\" data-element_type=\"widget\" data-widget_type=\"heading.default\">\n\t\t\t\t<div class=\"elementor-widget-container\">\n\t\t\t\t\t<h2 class=\"elementor-heading-title elementor-size-default\">ACESSIBILIDADE NA PRODU\u00c7\u00c3O AUDIOVISUAL<\/h2>\t\t\t\t<\/div>\n\t\t\t\t<\/div>\n\t\t\t\t<div class=\"elementor-element elementor-element-c422430 elementor-widget elementor-widget-text-editor\" data-id=\"c422430\" data-element_type=\"widget\" data-widget_type=\"text-editor.default\">\n\t\t\t\t<div class=\"elementor-widget-container\">\n\t\t\t\t\t\t\t\t\t<p><b>Descri\u00e7\u00e3o: <\/b>Capacitar trabalhadoras\/es do audiovisual sobre os recursos de acessibilidade exigidos pela legisla\u00e7\u00e3o vigente. A oficina apresenta as etapas do processo de produ\u00e7\u00e3o da tradu\u00e7\u00e3o audiovisual acess\u00edvel e um panorama do mercado nacional perpassando cada item: Audiodescri\u00e7\u00e3o, Janela de Libras e Legendagem descritiva ou LSE.<\/p>\n<p><b>P\u00fablico-alvo:<\/b> estudantes, profissionais de cinema e p\u00fablico em geral.<br><b>Per\u00edodo<\/b>: 23\/08<br><b>Oficineira<\/b>: B\u00e1rbara Lustoza<br><b>Hor\u00e1rio:<\/b> 09h \u00e0s 12h<\/p>\t\t\t\t\t\t\t\t<\/div>\n\t\t\t\t<\/div>\n\t\t\t\t<div class=\"elementor-element elementor-element-2e756ab elementor-align-center elementor-widget elementor-widget-button\" data-id=\"2e756ab\" data-element_type=\"widget\" data-widget_type=\"button.default\">\n\t\t\t\t<div class=\"elementor-widget-container\">\n\t\t\t\t\t\t\t\t\t<div class=\"elementor-button-wrapper\">\n\t\t\t\t\t<a class=\"elementor-button elementor-button-link elementor-size-sm\" href=\"https:\/\/doity.com.br\/iii-festival-de-cinema-de-arapiraca-programacaoparalela-oficinas-mesas-masterclass\">\n\t\t\t\t\t\t<span class=\"elementor-button-content-wrapper\">\n\t\t\t\t\t\t\t\t\t<span class=\"elementor-button-text\">Inscreva-se<\/span>\n\t\t\t\t\t<\/span>\n\t\t\t\t\t<\/a>\n\t\t\t\t<\/div>\n\t\t\t\t\t\t\t\t<\/div>\n\t\t\t\t<\/div>\n\t\t\t\t\t<\/div>\n\t\t<\/div>\n\t\t\t\t\t<\/div>\n\t\t<\/section>\n\t\t\t\t<\/div>\n\t\t","protected":false},"excerpt":{"rendered":"<p>OFICINAS ASSIST\u00caNCIA DE DIRE\u00c7\u00c3O PARA CINEMA Descri\u00e7\u00e3o: \u00a0Capacitar os participantes com conhecimentos te\u00f3ricos e pr\u00e1ticos necess\u00e1rios para atuar como assistentes de dire\u00e7\u00e3o em produ\u00e7\u00f5es cinematogr\u00e1ficas, desde o planejamento at\u00e9 a execu\u00e7\u00e3o no set de filmagem. P\u00fablico-alvo: estudantes e profissionais de cinema.Per\u00edodo: 21, 22 e 23\/08Oficineira: Michelline HelenaHor\u00e1rio: 14h \u00e0s 17h Inscreva-se CR\u00cdTICA CINEMATOGR\u00c1FICA Descri\u00e7\u00e3o:\u00a0 Capacitar [&hellip;]<\/p>\n","protected":false},"author":1,"featured_media":0,"parent":0,"menu_order":0,"comment_status":"closed","ping_status":"closed","template":"elementor_header_footer","meta":{"footnotes":""},"class_list":["post-2213","page","type-page","status-publish","hentry"],"_links":{"self":[{"href":"https:\/\/festivaldecinemadearapiraca.com\/home\/wp-json\/wp\/v2\/pages\/2213","targetHints":{"allow":["GET"]}}],"collection":[{"href":"https:\/\/festivaldecinemadearapiraca.com\/home\/wp-json\/wp\/v2\/pages"}],"about":[{"href":"https:\/\/festivaldecinemadearapiraca.com\/home\/wp-json\/wp\/v2\/types\/page"}],"author":[{"embeddable":true,"href":"https:\/\/festivaldecinemadearapiraca.com\/home\/wp-json\/wp\/v2\/users\/1"}],"replies":[{"embeddable":true,"href":"https:\/\/festivaldecinemadearapiraca.com\/home\/wp-json\/wp\/v2\/comments?post=2213"}],"version-history":[{"count":119,"href":"https:\/\/festivaldecinemadearapiraca.com\/home\/wp-json\/wp\/v2\/pages\/2213\/revisions"}],"predecessor-version":[{"id":2935,"href":"https:\/\/festivaldecinemadearapiraca.com\/home\/wp-json\/wp\/v2\/pages\/2213\/revisions\/2935"}],"wp:attachment":[{"href":"https:\/\/festivaldecinemadearapiraca.com\/home\/wp-json\/wp\/v2\/media?parent=2213"}],"curies":[{"name":"wp","href":"https:\/\/api.w.org\/{rel}","templated":true}]}}