{"id":3413,"date":"2025-11-10T22:27:53","date_gmt":"2025-11-10T22:27:53","guid":{"rendered":"https:\/\/festivaldecinemadearapiraca.com\/home\/?page_id=3413"},"modified":"2025-11-13T13:28:51","modified_gmt":"2025-11-13T13:28:51","slug":"2025-2","status":"publish","type":"page","link":"https:\/\/festivaldecinemadearapiraca.com\/home\/","title":{"rendered":"2025"},"content":{"rendered":"\t\t<div data-elementor-type=\"wp-page\" data-elementor-id=\"3413\" class=\"elementor elementor-3413\" data-elementor-post-type=\"page\">\n\t\t\t\t\t\t<section class=\"elementor-section elementor-top-section elementor-element elementor-element-52163ba elementor-section-full_width elementor-section-height-default elementor-section-height-default\" data-id=\"52163ba\" data-element_type=\"section\">\n\t\t\t\t\t\t<div class=\"elementor-container elementor-column-gap-no\">\n\t\t\t\t\t<div class=\"elementor-column elementor-col-100 elementor-top-column elementor-element elementor-element-34cbe60\" data-id=\"34cbe60\" data-element_type=\"column\" data-settings=\"{&quot;background_background&quot;:&quot;classic&quot;}\">\n\t\t\t<div class=\"elementor-widget-wrap elementor-element-populated\">\n\t\t\t\t\t\t<div class=\"elementor-element elementor-element-c8dd67f elementor-widget elementor-widget-image\" data-id=\"c8dd67f\" data-element_type=\"widget\" data-widget_type=\"image.default\">\n\t\t\t\t<div class=\"elementor-widget-container\">\n\t\t\t\t\t\t\t\t\t\t\t\t\t\t\t<img fetchpriority=\"high\" decoding=\"async\" width=\"2351\" height=\"863\" src=\"https:\/\/festivaldecinemadearapiraca.com\/wp-content\/uploads\/2025\/11\/capa1.jpg\" class=\"attachment-full size-full wp-image-3422\" alt=\"\" srcset=\"https:\/\/festivaldecinemadearapiraca.com\/wp-content\/uploads\/2025\/11\/capa1.jpg 2351w, https:\/\/festivaldecinemadearapiraca.com\/wp-content\/uploads\/2025\/11\/capa1-300x110.jpg 300w, https:\/\/festivaldecinemadearapiraca.com\/wp-content\/uploads\/2025\/11\/capa1-1024x376.jpg 1024w, https:\/\/festivaldecinemadearapiraca.com\/wp-content\/uploads\/2025\/11\/capa1-768x282.jpg 768w, https:\/\/festivaldecinemadearapiraca.com\/wp-content\/uploads\/2025\/11\/capa1-1536x564.jpg 1536w, https:\/\/festivaldecinemadearapiraca.com\/wp-content\/uploads\/2025\/11\/capa1-2048x752.jpg 2048w\" sizes=\"(max-width: 2351px) 100vw, 2351px\" \/>\t\t\t\t\t\t\t\t\t\t\t\t\t\t\t<\/div>\n\t\t\t\t<\/div>\n\t\t\t\t\t<\/div>\n\t\t<\/div>\n\t\t\t\t\t<\/div>\n\t\t<\/section>\n\t\t\t\t<section class=\"elementor-section elementor-top-section elementor-element elementor-element-06cb894 elementor-hidden-desktop elementor-hidden-tablet elementor-hidden-mobile elementor-section-boxed elementor-section-height-default elementor-section-height-default\" data-id=\"06cb894\" data-element_type=\"section\" data-settings=\"{&quot;background_background&quot;:&quot;classic&quot;}\">\n\t\t\t\t\t\t<div class=\"elementor-container elementor-column-gap-default\">\n\t\t\t\t\t<div class=\"elementor-column elementor-col-100 elementor-top-column elementor-element elementor-element-a1a2ed9\" data-id=\"a1a2ed9\" data-element_type=\"column\">\n\t\t\t<div class=\"elementor-widget-wrap elementor-element-populated\">\n\t\t\t\t\t\t<div class=\"elementor-element elementor-element-40c64c7 elementor-tabs-view-horizontal elementor-widget elementor-widget-tabs\" data-id=\"40c64c7\" data-element_type=\"widget\" data-widget_type=\"tabs.default\">\n\t\t\t\t<div class=\"elementor-widget-container\">\n\t\t\t\t\t\t\t<div class=\"elementor-tabs\">\n\t\t\t<div class=\"elementor-tabs-wrapper\" role=\"tablist\" >\n\t\t\t\t\t\t\t\t\t<div id=\"elementor-tab-title-6791\" class=\"elementor-tab-title elementor-tab-desktop-title\" aria-selected=\"true\" data-tab=\"1\" role=\"tab\" tabindex=\"0\" aria-controls=\"elementor-tab-content-6791\" aria-expanded=\"false\">Not\u00edcias<\/div>\n\t\t\t\t\t\t\t<\/div>\n\t\t\t<div class=\"elementor-tabs-content-wrapper\" role=\"tablist\" aria-orientation=\"vertical\">\n\t\t\t\t\t\t\t\t\t<div class=\"elementor-tab-title elementor-tab-mobile-title\" aria-selected=\"true\" data-tab=\"1\" role=\"tab\" tabindex=\"0\" aria-controls=\"elementor-tab-content-6791\" aria-expanded=\"false\">Not\u00edcias<\/div>\n\t\t\t\t\t<div id=\"elementor-tab-content-6791\" class=\"elementor-tab-content elementor-clearfix\" data-tab=\"1\" role=\"tabpanel\" aria-labelledby=\"elementor-tab-title-6791\" tabindex=\"0\" hidden=\"false\">\t\t<div data-elementor-type=\"section\" data-elementor-id=\"173\" class=\"elementor elementor-173\" data-elementor-post-type=\"elementor_library\">\n\t\t\t\t\t<section class=\"elementor-section elementor-top-section elementor-element elementor-element-162f5a9 elementor-section-boxed elementor-section-height-default elementor-section-height-default\" data-id=\"162f5a9\" data-element_type=\"section\">\n\t\t\t\t\t\t<div class=\"elementor-container elementor-column-gap-default\">\n\t\t\t\t\t<div class=\"elementor-column elementor-col-100 elementor-top-column elementor-element elementor-element-7b07b98\" data-id=\"7b07b98\" data-element_type=\"column\">\n\t\t\t<div class=\"elementor-widget-wrap elementor-element-populated\">\n\t\t\t\t\t\t<div class=\"elementor-element elementor-element-6c71c23 elementor-posts--align-left elementor-grid-3 elementor-grid-tablet-2 elementor-grid-mobile-1 elementor-posts--thumbnail-top elementor-card-shadow-yes elementor-posts__hover-gradient elementor-widget elementor-widget-posts\" data-id=\"6c71c23\" data-element_type=\"widget\" data-settings=\"{&quot;cards_row_gap&quot;:{&quot;unit&quot;:&quot;px&quot;,&quot;size&quot;:29,&quot;sizes&quot;:[]},&quot;cards_columns&quot;:&quot;3&quot;,&quot;cards_columns_tablet&quot;:&quot;2&quot;,&quot;cards_columns_mobile&quot;:&quot;1&quot;,&quot;cards_row_gap_tablet&quot;:{&quot;unit&quot;:&quot;px&quot;,&quot;size&quot;:&quot;&quot;,&quot;sizes&quot;:[]},&quot;cards_row_gap_mobile&quot;:{&quot;unit&quot;:&quot;px&quot;,&quot;size&quot;:&quot;&quot;,&quot;sizes&quot;:[]}}\" data-widget_type=\"posts.cards\">\n\t\t\t\t<div class=\"elementor-widget-container\">\n\t\t\t\t\t\t\t<div class=\"elementor-posts-container elementor-posts elementor-posts--skin-cards elementor-grid\">\n\t\t\t\t<article class=\"elementor-post elementor-grid-item post-2680 post type-post status-publish format-standard has-post-thumbnail hentry category-noticias category-uncategorized\">\n\t\t\t<div class=\"elementor-post__card\">\n\t\t\t\t<a class=\"elementor-post__thumbnail__link\" href=\"https:\/\/festivaldecinemadearapiraca.com\/home\/2023\/09\/19\/festival-de-cinema-de-arapiraca-encerra-sua-2a-edicao-com-premiacoes-confira-os-ganhadoresas\/\" tabindex=\"-1\" ><div class=\"elementor-post__thumbnail\"><img decoding=\"async\" width=\"300\" height=\"188\" data-src=\"https:\/\/festivaldecinemadearapiraca.com\/wp-content\/uploads\/2023\/09\/WhatsApp-Image-2023-09-19-at-09.36.08-300x188.jpeg\" class=\"attachment-medium size-medium wp-image-2682 lazyload\" alt=\"\" data-srcset=\"https:\/\/festivaldecinemadearapiraca.com\/wp-content\/uploads\/2023\/09\/WhatsApp-Image-2023-09-19-at-09.36.08-300x188.jpeg 300w, https:\/\/festivaldecinemadearapiraca.com\/wp-content\/uploads\/2023\/09\/WhatsApp-Image-2023-09-19-at-09.36.08-1024x640.jpeg 1024w, https:\/\/festivaldecinemadearapiraca.com\/wp-content\/uploads\/2023\/09\/WhatsApp-Image-2023-09-19-at-09.36.08-768x480.jpeg 768w, https:\/\/festivaldecinemadearapiraca.com\/wp-content\/uploads\/2023\/09\/WhatsApp-Image-2023-09-19-at-09.36.08-1536x960.jpeg 1536w, https:\/\/festivaldecinemadearapiraca.com\/wp-content\/uploads\/2023\/09\/WhatsApp-Image-2023-09-19-at-09.36.08.jpeg 1600w\" data-sizes=\"(max-width: 300px) 100vw, 300px\" src=\"data:image\/gif;base64,R0lGODlhAQABAAAAACH5BAEKAAEALAAAAAABAAEAAAICTAEAOw==\" style=\"--smush-placeholder-width: 300px; --smush-placeholder-aspect-ratio: 300\/188;\" \/><\/div><\/a>\n\t\t\t\t<div class=\"elementor-post__badge\">Not\u00edcias<\/div>\n\t\t\t\t<div class=\"elementor-post__text\">\n\t\t\t\t<h3 class=\"elementor-post__title\">\n\t\t\t<a href=\"https:\/\/festivaldecinemadearapiraca.com\/home\/2023\/09\/19\/festival-de-cinema-de-arapiraca-encerra-sua-2a-edicao-com-premiacoes-confira-os-ganhadoresas\/\" >\n\t\t\t\tFestival de Cinema de Arapiraca encerra sua 2\u00aa edi\u00e7\u00e3o com premia\u00e7\u00f5es; confira os ganhadores(as)\t\t\t<\/a>\n\t\t<\/h3>\n\t\t\t\t<div class=\"elementor-post__excerpt\">\n\t\t\t<p>Mais de 5 mil pessoas passaram pelas oficinas, masterclass, laborat\u00f3rios de cr\u00edtica e roteiro, mesas de debate e, claro, pelas salas de exibi\u00e7\u00e3o das mostras<\/p>\n\t\t<\/div>\n\t\t\n\t\t<a class=\"elementor-post__read-more\" href=\"https:\/\/festivaldecinemadearapiraca.com\/home\/2023\/09\/19\/festival-de-cinema-de-arapiraca-encerra-sua-2a-edicao-com-premiacoes-confira-os-ganhadoresas\/\" aria-label=\"Read more about Festival de Cinema de Arapiraca encerra sua 2\u00aa edi\u00e7\u00e3o com premia\u00e7\u00f5es; confira os ganhadores(as)\" tabindex=\"-1\" >\n\t\t\tLeia Mais \u00bb\t\t<\/a>\n\n\t\t\t\t<\/div>\n\t\t\t\t<div class=\"elementor-post__meta-data\">\n\t\t\t\t\t<span class=\"elementor-post-date\">\n\t\t\tsetembro 19, 2023\t\t<\/span>\n\t\t\t\t<\/div>\n\t\t\t\t\t<\/div>\n\t\t<\/article>\n\t\t\t\t<article class=\"elementor-post elementor-grid-item post-2165 post type-post status-publish format-standard has-post-thumbnail hentry category-noticias\">\n\t\t\t<div class=\"elementor-post__card\">\n\t\t\t\t<a class=\"elementor-post__thumbnail__link\" href=\"https:\/\/festivaldecinemadearapiraca.com\/home\/2023\/08\/12\/festival-de-cinema-de-arapiraca-divulga-resultado-de-curtas-selecionados-para-sua-2a-edicao\/\" tabindex=\"-1\" ><div class=\"elementor-post__thumbnail\"><img decoding=\"async\" width=\"300\" height=\"204\" data-src=\"https:\/\/festivaldecinemadearapiraca.com\/wp-content\/uploads\/2023\/08\/festival2022-300x204.jpeg\" class=\"attachment-medium size-medium wp-image-2166 lazyload\" alt=\"\" data-srcset=\"https:\/\/festivaldecinemadearapiraca.com\/wp-content\/uploads\/2023\/08\/festival2022-300x204.jpeg 300w, https:\/\/festivaldecinemadearapiraca.com\/wp-content\/uploads\/2023\/08\/festival2022.jpeg 750w\" data-sizes=\"(max-width: 300px) 100vw, 300px\" src=\"data:image\/gif;base64,R0lGODlhAQABAAAAACH5BAEKAAEALAAAAAABAAEAAAICTAEAOw==\" style=\"--smush-placeholder-width: 300px; --smush-placeholder-aspect-ratio: 300\/204;\" \/><\/div><\/a>\n\t\t\t\t<div class=\"elementor-post__badge\">Not\u00edcias<\/div>\n\t\t\t\t<div class=\"elementor-post__text\">\n\t\t\t\t<h3 class=\"elementor-post__title\">\n\t\t\t<a href=\"https:\/\/festivaldecinemadearapiraca.com\/home\/2023\/08\/12\/festival-de-cinema-de-arapiraca-divulga-resultado-de-curtas-selecionados-para-sua-2a-edicao\/\" >\n\t\t\t\tFestival de Cinema de Arapiraca divulga resultado de curtas selecionados para sua 2\u00aa edi\u00e7\u00e3o\t\t\t<\/a>\n\t\t<\/h3>\n\t\t\t\t<div class=\"elementor-post__excerpt\">\n\t\t\t<p>O 2\u00ba Festival de Cinema de Arapiraca ocorrer\u00e1 entre os dias 13 e 17 de setembro de 2023, com nova edi\u00e7\u00e3o no Arapiraca Shopping, colocando<\/p>\n\t\t<\/div>\n\t\t\n\t\t<a class=\"elementor-post__read-more\" href=\"https:\/\/festivaldecinemadearapiraca.com\/home\/2023\/08\/12\/festival-de-cinema-de-arapiraca-divulga-resultado-de-curtas-selecionados-para-sua-2a-edicao\/\" aria-label=\"Read more about Festival de Cinema de Arapiraca divulga resultado de curtas selecionados para sua 2\u00aa edi\u00e7\u00e3o\" tabindex=\"-1\" >\n\t\t\tLeia Mais \u00bb\t\t<\/a>\n\n\t\t\t\t<\/div>\n\t\t\t\t<div class=\"elementor-post__meta-data\">\n\t\t\t\t\t<span class=\"elementor-post-date\">\n\t\t\tagosto 12, 2023\t\t<\/span>\n\t\t\t\t<\/div>\n\t\t\t\t\t<\/div>\n\t\t<\/article>\n\t\t\t\t<article class=\"elementor-post elementor-grid-item post-2169 post type-post status-publish format-standard has-post-thumbnail hentry category-noticias\">\n\t\t\t<div class=\"elementor-post__card\">\n\t\t\t\t<a class=\"elementor-post__thumbnail__link\" href=\"https:\/\/festivaldecinemadearapiraca.com\/home\/2023\/07\/02\/festival-de-cinema-de-arapiraca-inscricoes-abertas-para-curtas-ate-esta-sexta-feira-7\/\" tabindex=\"-1\" ><div class=\"elementor-post__thumbnail\"><img decoding=\"async\" width=\"300\" height=\"225\" data-src=\"https:\/\/festivaldecinemadearapiraca.com\/wp-content\/uploads\/2023\/08\/curta-300x225.jpeg\" class=\"attachment-medium size-medium wp-image-2170 lazyload\" alt=\"\" data-srcset=\"https:\/\/festivaldecinemadearapiraca.com\/wp-content\/uploads\/2023\/08\/curta-300x225.jpeg 300w, https:\/\/festivaldecinemadearapiraca.com\/wp-content\/uploads\/2023\/08\/curta.jpeg 600w\" data-sizes=\"(max-width: 300px) 100vw, 300px\" src=\"data:image\/gif;base64,R0lGODlhAQABAAAAACH5BAEKAAEALAAAAAABAAEAAAICTAEAOw==\" style=\"--smush-placeholder-width: 300px; --smush-placeholder-aspect-ratio: 300\/225;\" \/><\/div><\/a>\n\t\t\t\t<div class=\"elementor-post__badge\">Not\u00edcias<\/div>\n\t\t\t\t<div class=\"elementor-post__text\">\n\t\t\t\t<h3 class=\"elementor-post__title\">\n\t\t\t<a href=\"https:\/\/festivaldecinemadearapiraca.com\/home\/2023\/07\/02\/festival-de-cinema-de-arapiraca-inscricoes-abertas-para-curtas-ate-esta-sexta-feira-7\/\" >\n\t\t\t\tFestival de Cinema de Arapiraca: inscri\u00e7\u00f5es abertas para curtas at\u00e9 esta sexta-feira (7)\t\t\t<\/a>\n\t\t<\/h3>\n\t\t\t\t<div class=\"elementor-post__excerpt\">\n\t\t\t<p>O tempo \u00e9 crucial no cinema. E quando se trata de um curta-metragem, cada cena \u00e9 ainda mais importante, cada di\u00e1logo recheado de significado dentro<\/p>\n\t\t<\/div>\n\t\t\n\t\t<a class=\"elementor-post__read-more\" href=\"https:\/\/festivaldecinemadearapiraca.com\/home\/2023\/07\/02\/festival-de-cinema-de-arapiraca-inscricoes-abertas-para-curtas-ate-esta-sexta-feira-7\/\" aria-label=\"Read more about Festival de Cinema de Arapiraca: inscri\u00e7\u00f5es abertas para curtas at\u00e9 esta sexta-feira (7)\" tabindex=\"-1\" >\n\t\t\tLeia Mais \u00bb\t\t<\/a>\n\n\t\t\t\t<\/div>\n\t\t\t\t<div class=\"elementor-post__meta-data\">\n\t\t\t\t\t<span class=\"elementor-post-date\">\n\t\t\tjulho 2, 2023\t\t<\/span>\n\t\t\t\t<\/div>\n\t\t\t\t\t<\/div>\n\t\t<\/article>\n\t\t\t\t<\/div>\n\t\t\n\t\t\t\t\t\t<\/div>\n\t\t\t\t<\/div>\n\t\t\t\t\t<\/div>\n\t\t<\/div>\n\t\t\t\t\t<\/div>\n\t\t<\/section>\n\t\t\t\t<\/div>\n\t\t<\/div>\n\t\t\t\t\t\t\t<\/div>\n\t\t<\/div>\n\t\t\t\t\t\t<\/div>\n\t\t\t\t<\/div>\n\t\t\t\t\t<\/div>\n\t\t<\/div>\n\t\t\t\t\t<\/div>\n\t\t<\/section>\n\t\t\t\t<\/div>\n\t\t","protected":false},"excerpt":{"rendered":"<p>Not\u00edcias Not\u00edcias Not\u00edcias Festival de Cinema de Arapiraca encerra sua 2\u00aa edi\u00e7\u00e3o com premia\u00e7\u00f5es; confira os ganhadores(as) Mais de 5 mil pessoas passaram pelas oficinas, masterclass, laborat\u00f3rios de cr\u00edtica e roteiro, mesas de debate e, claro, pelas salas de exibi\u00e7\u00e3o das mostras competitivas e a infantil, todas essas atividades gratuitas e promovidas pelo 2\u00ba Festival [&hellip;]<\/p>\n","protected":false},"author":2,"featured_media":0,"parent":0,"menu_order":0,"comment_status":"closed","ping_status":"closed","template":"elementor_header_footer","meta":{"footnotes":""},"class_list":["post-3413","page","type-page","status-publish","hentry"],"_links":{"self":[{"href":"https:\/\/festivaldecinemadearapiraca.com\/home\/wp-json\/wp\/v2\/pages\/3413","targetHints":{"allow":["GET"]}}],"collection":[{"href":"https:\/\/festivaldecinemadearapiraca.com\/home\/wp-json\/wp\/v2\/pages"}],"about":[{"href":"https:\/\/festivaldecinemadearapiraca.com\/home\/wp-json\/wp\/v2\/types\/page"}],"author":[{"embeddable":true,"href":"https:\/\/festivaldecinemadearapiraca.com\/home\/wp-json\/wp\/v2\/users\/2"}],"replies":[{"embeddable":true,"href":"https:\/\/festivaldecinemadearapiraca.com\/home\/wp-json\/wp\/v2\/comments?post=3413"}],"version-history":[{"count":13,"href":"https:\/\/festivaldecinemadearapiraca.com\/home\/wp-json\/wp\/v2\/pages\/3413\/revisions"}],"predecessor-version":[{"id":3547,"href":"https:\/\/festivaldecinemadearapiraca.com\/home\/wp-json\/wp\/v2\/pages\/3413\/revisions\/3547"}],"wp:attachment":[{"href":"https:\/\/festivaldecinemadearapiraca.com\/home\/wp-json\/wp\/v2\/media?parent=3413"}],"curies":[{"name":"wp","href":"https:\/\/api.w.org\/{rel}","templated":true}]}}